{"id":1546,"date":"2025-07-30T01:21:02","date_gmt":"2025-07-30T01:21:02","guid":{"rendered":"https:\/\/izabeldepaula.com\/clinicalisboa\/?page_id=1546"},"modified":"2025-07-31T15:47:23","modified_gmt":"2025-07-31T15:47:23","slug":"nossas-instalacoes","status":"publish","type":"page","link":"https:\/\/izabeldepaula.com\/clinicalisboa\/nossas-instalacoes\/","title":{"rendered":"Nossa estrutura"},"content":{"rendered":"\t\t<div data-elementor-type=\"wp-page\" data-elementor-id=\"1546\" class=\"elementor elementor-1546\">\n\t\t\t\t<div class=\"elementor-element elementor-element-45a72c58 e-con-full e-flex e-con e-parent\" data-id=\"45a72c58\" data-element_type=\"container\" data-settings=\"{&quot;background_background&quot;:&quot;classic&quot;}\">\n\t\t\t\t<\/div>\n\t\t<div class=\"elementor-element elementor-element-44afa5d9 e-flex e-con-boxed e-con e-parent\" data-id=\"44afa5d9\" data-element_type=\"container\">\n\t\t\t\t\t<div class=\"e-con-inner\">\n\t\t<div class=\"elementor-element elementor-element-d5ff457 e-con-full e-flex e-con e-child\" data-id=\"d5ff457\" data-element_type=\"container\">\n\t\t<div class=\"elementor-element elementor-element-4afa0caf e-con-full e-flex e-con e-child\" data-id=\"4afa0caf\" data-element_type=\"container\">\n\t\t\t\t<div class=\"elementor-element elementor-element-463082ee elementor-widget__width-initial elementor-arrows-position-inside elementor-widget elementor-widget-image-carousel\" data-id=\"463082ee\" data-element_type=\"widget\" data-settings=\"{&quot;slides_to_show&quot;:&quot;1&quot;,&quot;navigation&quot;:&quot;arrows&quot;,&quot;autoplay_speed&quot;:3000,&quot;speed&quot;:1000,&quot;autoplay&quot;:&quot;yes&quot;,&quot;pause_on_hover&quot;:&quot;yes&quot;,&quot;pause_on_interaction&quot;:&quot;yes&quot;,&quot;infinite&quot;:&quot;yes&quot;,&quot;effect&quot;:&quot;slide&quot;}\" data-widget_type=\"image-carousel.default\">\n\t\t\t\t\t\t\t<div class=\"elementor-image-carousel-wrapper swiper\" role=\"region\" aria-roledescription=\"carousel\" aria-label=\"Carrossel de imagens\" dir=\"ltr\">\n\t\t\t<div class=\"elementor-image-carousel swiper-wrapper\" aria-live=\"off\">\n\t\t\t\t\t\t\t\t<div class=\"swiper-slide\" role=\"group\" aria-roledescription=\"slide\" aria-label=\"1 de 16\"><figure class=\"swiper-slide-inner\"><img decoding=\"async\" class=\"swiper-slide-image\" src=\"https:\/\/izabeldepaula.com\/clinicalisboa\/wp-content\/uploads\/2025\/07\/estrutura-1.png\" alt=\"estrutura 1\" \/><\/figure><\/div><div class=\"swiper-slide\" role=\"group\" aria-roledescription=\"slide\" aria-label=\"2 de 16\"><figure class=\"swiper-slide-inner\"><img decoding=\"async\" class=\"swiper-slide-image\" src=\"https:\/\/izabeldepaula.com\/clinicalisboa\/wp-content\/uploads\/2025\/07\/estrutura-16.png\" alt=\"estrutura 16\" \/><\/figure><\/div><div class=\"swiper-slide\" role=\"group\" aria-roledescription=\"slide\" aria-label=\"3 de 16\"><figure class=\"swiper-slide-inner\"><img decoding=\"async\" class=\"swiper-slide-image\" src=\"https:\/\/izabeldepaula.com\/clinicalisboa\/wp-content\/uploads\/2025\/07\/estrutura-15.png\" alt=\"estrutura 15\" \/><\/figure><\/div><div class=\"swiper-slide\" role=\"group\" aria-roledescription=\"slide\" aria-label=\"4 de 16\"><figure class=\"swiper-slide-inner\"><img decoding=\"async\" class=\"swiper-slide-image\" src=\"https:\/\/izabeldepaula.com\/clinicalisboa\/wp-content\/uploads\/2025\/07\/estrutura-14.png\" alt=\"estrutura 14\" \/><\/figure><\/div><div class=\"swiper-slide\" role=\"group\" aria-roledescription=\"slide\" aria-label=\"5 de 16\"><figure class=\"swiper-slide-inner\"><img decoding=\"async\" class=\"swiper-slide-image\" src=\"https:\/\/izabeldepaula.com\/clinicalisboa\/wp-content\/uploads\/2025\/07\/estrutura-13.png\" alt=\"estrutura 13\" \/><\/figure><\/div><div class=\"swiper-slide\" role=\"group\" aria-roledescription=\"slide\" aria-label=\"6 de 16\"><figure class=\"swiper-slide-inner\"><img decoding=\"async\" class=\"swiper-slide-image\" src=\"https:\/\/izabeldepaula.com\/clinicalisboa\/wp-content\/uploads\/2025\/07\/estrutura-12.png\" alt=\"estrutura 12\" \/><\/figure><\/div><div class=\"swiper-slide\" role=\"group\" aria-roledescription=\"slide\" aria-label=\"7 de 16\"><figure class=\"swiper-slide-inner\"><img decoding=\"async\" class=\"swiper-slide-image\" src=\"https:\/\/izabeldepaula.com\/clinicalisboa\/wp-content\/uploads\/2025\/07\/estrutura-11.png\" alt=\"estrutura 11\" \/><\/figure><\/div><div class=\"swiper-slide\" role=\"group\" aria-roledescription=\"slide\" aria-label=\"8 de 16\"><figure class=\"swiper-slide-inner\"><img decoding=\"async\" class=\"swiper-slide-image\" src=\"https:\/\/izabeldepaula.com\/clinicalisboa\/wp-content\/uploads\/2025\/07\/estrutura-10.png\" alt=\"estrutura 10\" \/><\/figure><\/div><div class=\"swiper-slide\" role=\"group\" aria-roledescription=\"slide\" aria-label=\"9 de 16\"><figure class=\"swiper-slide-inner\"><img decoding=\"async\" class=\"swiper-slide-image\" src=\"https:\/\/izabeldepaula.com\/clinicalisboa\/wp-content\/uploads\/2025\/07\/estrutura-9.png\" alt=\"estrutura 9\" \/><\/figure><\/div><div class=\"swiper-slide\" role=\"group\" aria-roledescription=\"slide\" aria-label=\"10 de 16\"><figure class=\"swiper-slide-inner\"><img decoding=\"async\" class=\"swiper-slide-image\" src=\"https:\/\/izabeldepaula.com\/clinicalisboa\/wp-content\/uploads\/2025\/07\/estrutura-2.png\" alt=\"estrutura 2\" \/><\/figure><\/div><div class=\"swiper-slide\" role=\"group\" aria-roledescription=\"slide\" aria-label=\"11 de 16\"><figure class=\"swiper-slide-inner\"><img decoding=\"async\" class=\"swiper-slide-image\" src=\"https:\/\/izabeldepaula.com\/clinicalisboa\/wp-content\/uploads\/2025\/07\/estrutura-3.png\" alt=\"estrutura 3\" \/><\/figure><\/div><div class=\"swiper-slide\" role=\"group\" aria-roledescription=\"slide\" aria-label=\"12 de 16\"><figure class=\"swiper-slide-inner\"><img decoding=\"async\" class=\"swiper-slide-image\" src=\"https:\/\/izabeldepaula.com\/clinicalisboa\/wp-content\/uploads\/2025\/07\/estrutura-4.png\" alt=\"estrutura 4\" \/><\/figure><\/div><div class=\"swiper-slide\" role=\"group\" aria-roledescription=\"slide\" aria-label=\"13 de 16\"><figure class=\"swiper-slide-inner\"><img decoding=\"async\" class=\"swiper-slide-image\" src=\"https:\/\/izabeldepaula.com\/clinicalisboa\/wp-content\/uploads\/2025\/07\/estrutura-5.png\" alt=\"estrutura 5\" \/><\/figure><\/div><div class=\"swiper-slide\" role=\"group\" aria-roledescription=\"slide\" aria-label=\"14 de 16\"><figure class=\"swiper-slide-inner\"><img decoding=\"async\" class=\"swiper-slide-image\" src=\"https:\/\/izabeldepaula.com\/clinicalisboa\/wp-content\/uploads\/2025\/07\/estrutura-6.png\" alt=\"estrutura 6\" \/><\/figure><\/div><div class=\"swiper-slide\" role=\"group\" aria-roledescription=\"slide\" aria-label=\"15 de 16\"><figure class=\"swiper-slide-inner\"><img decoding=\"async\" class=\"swiper-slide-image\" src=\"https:\/\/izabeldepaula.com\/clinicalisboa\/wp-content\/uploads\/2025\/07\/estrutura-7.png\" alt=\"estrutura 7\" \/><\/figure><\/div><div class=\"swiper-slide\" role=\"group\" aria-roledescription=\"slide\" aria-label=\"16 de 16\"><figure class=\"swiper-slide-inner\"><img decoding=\"async\" class=\"swiper-slide-image\" src=\"https:\/\/izabeldepaula.com\/clinicalisboa\/wp-content\/uploads\/2025\/07\/estrutura-8.png\" alt=\"estrutura 8\" \/><\/figure><\/div>\t\t\t<\/div>\n\t\t\t\t\t\t\t\t\t\t\t\t<div class=\"elementor-swiper-button elementor-swiper-button-prev\" role=\"button\" tabindex=\"0\">\n\t\t\t\t\t\t<svg aria-hidden=\"true\" class=\"e-font-icon-svg e-eicon-chevron-left\" viewBox=\"0 0 1000 1000\" xmlns=\"http:\/\/www.w3.org\/2000\/svg\"><path d=\"M646 125C629 125 613 133 604 142L308 442C296 454 292 471 292 487 292 504 296 521 308 533L604 854C617 867 629 875 646 875 663 875 679 871 692 858 704 846 713 829 713 812 713 796 708 779 692 767L438 487 692 225C700 217 708 204 708 187 708 171 704 154 692 142 675 129 663 125 646 125Z\"><\/path><\/svg>\t\t\t\t\t<\/div>\n\t\t\t\t\t<div class=\"elementor-swiper-button elementor-swiper-button-next\" role=\"button\" tabindex=\"0\">\n\t\t\t\t\t\t<svg aria-hidden=\"true\" class=\"e-font-icon-svg e-eicon-chevron-right\" viewBox=\"0 0 1000 1000\" xmlns=\"http:\/\/www.w3.org\/2000\/svg\"><path d=\"M696 533C708 521 713 504 713 487 713 471 708 454 696 446L400 146C388 133 375 125 354 125 338 125 325 129 313 142 300 154 292 171 292 187 292 204 296 221 308 233L563 492 304 771C292 783 288 800 288 817 288 833 296 850 308 863 321 871 338 875 354 875 371 875 388 867 400 854L696 533Z\"><\/path><\/svg>\t\t\t\t\t<\/div>\n\t\t\t\t\n\t\t\t\t\t\t\t\t\t<\/div>\n\t\t\t\t\t\t<\/div>\n\t\t\t\t<\/div>\n\t\t<div class=\"elementor-element elementor-element-6cc72148 e-con-full e-flex e-con e-child\" data-id=\"6cc72148\" data-element_type=\"container\">\n\t\t\t\t<div class=\"elementor-element elementor-element-3d476629 elementor-widget elementor-widget-heading\" data-id=\"3d476629\" data-element_type=\"widget\" data-widget_type=\"heading.default\">\n\t\t\t\t\t<h2 class=\"elementor-heading-title elementor-size-default\">Uma Estrutura feita para voc\u00ea!<\/h2>\t\t\t\t<\/div>\n\t\t\t\t<div class=\"elementor-element elementor-element-3fddf8d6 elementor-widget elementor-widget-text-editor\" data-id=\"3fddf8d6\" data-element_type=\"widget\" data-widget_type=\"text-editor.default\">\n\t\t\t\t\t\t\t\t\t<p data-start=\"214\" data-end=\"517\">A Cl\u00ednica Izabel de Paula \u00e9 considerada hoje uma refer\u00eancia de prest\u00edgio no universo da est\u00e9tica corporal em Portugal, destacando-se n\u00e3o apenas pela sua excel\u00eancia t\u00e9cnica, mas sobretudo pela aplica\u00e7\u00e3o de M\u00e9todos Exclusivos, reconhecidos e laureados internacionalmente pela sua efic\u00e1cia e originalidade.<\/p><p data-start=\"519\" data-end=\"1070\">Com uma trajet\u00f3ria marcada por resultados extraordin\u00e1rios, a cl\u00ednica j\u00e1 acompanhou mais de <strong data-start=\"610\" data-end=\"629\">26 mil mulheres<\/strong> na concretiza\u00e7\u00e3o dos seus objetivos est\u00e9ticos e de sa\u00fade. Cada tratamento \u00e9 cuidadosamente planeado para responder \u00e0s necessidades espec\u00edficas de cada paciente, unindo inova\u00e7\u00e3o cient\u00edfica, tecnologia de ponta e um olhar profundamente humano. O acolhimento individualizado e a aten\u00e7\u00e3o ao detalhe refletem o verdadeiro compromisso da cl\u00ednica com a transforma\u00e7\u00e3o e o bem-estar integral das suas pacientes \u2014 f\u00edsica, emocional e energeticamente.<\/p>\t\t\t\t\t\t\t\t<\/div>\n\t\t\t\t<\/div>\n\t\t\t\t<\/div>\n\t\t\t\t<div class=\"elementor-element elementor-element-b951f6f elementor-widget elementor-widget-text-editor\" data-id=\"b951f6f\" data-element_type=\"widget\" data-widget_type=\"text-editor.default\">\n\t\t\t\t\t\t\t\t\t<p data-start=\"1072\" data-end=\"1580\">Situada num espa\u00e7o contempor\u00e2neo e elegante com <strong data-start=\"1120\" data-end=\"1130\">540 m\u00b2<\/strong>, a Cl\u00ednica Izabel de Paula disp\u00f5e de <strong data-start=\"1168\" data-end=\"1197\">9 gabinetes de tratamento<\/strong>, cada um equipado com dispositivos de \u00faltima gera\u00e7\u00e3o, permitindo uma experi\u00eancia de cuidado avan\u00e7ado e confort\u00e1vel. A equipa \u00e9 composta por <strong data-start=\"1338\" data-end=\"1369\">8 terapeutas especializadas<\/strong>, altamente formadas nas mais recentes t\u00e9cnicas da est\u00e9tica corporal, al\u00e9m de contar com uma <strong data-start=\"1462\" data-end=\"1488\">recepcionista dedicada<\/strong>, preparada para oferecer um atendimento caloroso e personalizado desde o primeiro contacto.<\/p><p data-start=\"1582\" data-end=\"2084\">O ambiente foi pensado para proporcionar uma viv\u00eancia tranquila e acolhedora, com servi\u00e7o de <strong data-start=\"1675\" data-end=\"1707\">ch\u00e1, caf\u00e9 e \u00e1gua aromatizada<\/strong>, estimulando uma sensa\u00e7\u00e3o de conforto desde o momento da chegada. Al\u00e9m disso, a cl\u00ednica promove um acompanhamento integrativo e multidisciplinar, incluindo consultas com <strong data-start=\"1878\" data-end=\"1895\">nutricionista<\/strong>, <strong data-start=\"1897\" data-end=\"1910\">psic\u00f3loga<\/strong> e <strong data-start=\"1913\" data-end=\"1936\">coach especializada<\/strong>, de forma a garantir uma abordagem hol\u00edstica e completa \u2014 unindo corpo, mente e emo\u00e7\u00f5es numa jornada profunda de autocuidado e valoriza\u00e7\u00e3o pessoal.<\/p>\t\t\t\t\t\t\t\t<\/div>\n\t\t\t\t\t<\/div>\n\t\t\t\t<\/div>\n\t\t<div class=\"elementor-element elementor-element-1e75922 e-flex e-con-boxed e-con e-parent\" data-id=\"1e75922\" data-element_type=\"container\">\n\t\t\t\t\t<div class=\"e-con-inner\">\n\t\t\t\t<div class=\"elementor-element elementor-element-678e5a2 elementor-widget elementor-widget-text-editor\" data-id=\"678e5a2\" data-element_type=\"widget\" data-widget_type=\"text-editor.default\">\n\t\t\t\t\t\t\t\t\t<p>Agende sua consulta e descubra como nossos metodos inovadores podem transformar seu corpo e sua mente!<br \/>Na Cl\u00ednica Izabel de Paula, seu resultado \u00e9 nossa prioridade.<\/p>\t\t\t\t\t\t\t\t<\/div>\n\t\t\t\t\t<\/div>\n\t\t\t\t<\/div>\n\t\t\t\t<\/div>\n\t\t","protected":false},"excerpt":{"rendered":"<p>Uma Estrutura feita para voc\u00ea! A Cl\u00ednica Izabel de Paula \u00e9 considerada hoje uma refer\u00eancia de prest\u00edgio no universo da est\u00e9tica corporal em Portugal, destacando-se n\u00e3o apenas pela sua excel\u00eancia t\u00e9cnica, mas sobretudo pela aplica\u00e7\u00e3o de M\u00e9todos Exclusivos, reconhecidos e laureados internacionalmente pela sua efic\u00e1cia e originalidade. Com uma trajet\u00f3ria marcada por resultados extraordin\u00e1rios, a [&hellip;]<\/p>\n","protected":false},"author":1,"featured_media":0,"parent":0,"menu_order":0,"comment_status":"closed","ping_status":"closed","template":"elementor_header_footer","meta":{"_joinchat":[],"footnotes":""},"class_list":["post-1546","page","type-page","status-publish","hentry"],"yoast_head":"<!-- This site is optimized with the Yoast SEO Premium plugin v24.5 (Yoast SEO v26.3) - https:\/\/yoast.com\/wordpress\/plugins\/seo\/ -->\n<title>Nossa estrutura - Cl\u00ednica Izabel de Paula<\/title>\n<meta name=\"robots\" content=\"index, follow, max-snippet:-1, max-image-preview:large, max-video-preview:-1\" \/>\n<link rel=\"canonical\" href=\"https:\/\/izabeldepaula.com\/clinicalisboa\/nossas-instalacoes\/\" \/>\n<meta property=\"og:locale\" content=\"pt_BR\" \/>\n<meta property=\"og:type\" content=\"article\" \/>\n<meta property=\"og:title\" content=\"Nossa estrutura\" \/>\n<meta property=\"og:description\" content=\"Uma Estrutura feita para voc\u00ea! A Cl\u00ednica Izabel de Paula \u00e9 considerada hoje uma refer\u00eancia de prest\u00edgio no universo da est\u00e9tica corporal em Portugal, destacando-se n\u00e3o apenas pela sua excel\u00eancia t\u00e9cnica, mas sobretudo pela aplica\u00e7\u00e3o de M\u00e9todos Exclusivos, reconhecidos e laureados internacionalmente pela sua efic\u00e1cia e originalidade. Com uma trajet\u00f3ria marcada por resultados extraordin\u00e1rios, a [&hellip;]\" \/>\n<meta property=\"og:url\" content=\"https:\/\/izabeldepaula.com\/clinicalisboa\/nossas-instalacoes\/\" \/>\n<meta property=\"og:site_name\" content=\"Cl\u00ednica Izabel de Paula\" \/>\n<meta property=\"article:modified_time\" content=\"2025-07-31T15:47:23+00:00\" \/>\n<meta property=\"og:image\" content=\"https:\/\/izabeldepaula.com\/clinicalisboa\/wp-content\/uploads\/2025\/07\/estrutura-1.png\" \/>\n<meta name=\"twitter:card\" content=\"summary_large_image\" \/>\n<meta name=\"twitter:label1\" content=\"Est. tempo de leitura\" \/>\n\t<meta name=\"twitter:data1\" content=\"6 minutos\" \/>\n<script type=\"application\/ld+json\" class=\"yoast-schema-graph\">{\"@context\":\"https:\/\/schema.org\",\"@graph\":[{\"@type\":\"WebPage\",\"@id\":\"https:\/\/izabeldepaula.com\/clinicalisboa\/nossas-instalacoes\/\",\"url\":\"https:\/\/izabeldepaula.com\/clinicalisboa\/nossas-instalacoes\/\",\"name\":\"Nossa estrutura - Cl\u00ednica Izabel de Paula\",\"isPartOf\":{\"@id\":\"https:\/\/izabeldepaula.com\/clinicalisboa\/#website\"},\"primaryImageOfPage\":{\"@id\":\"https:\/\/izabeldepaula.com\/clinicalisboa\/nossas-instalacoes\/#primaryimage\"},\"image\":{\"@id\":\"https:\/\/izabeldepaula.com\/clinicalisboa\/nossas-instalacoes\/#primaryimage\"},\"thumbnailUrl\":\"https:\/\/izabeldepaula.com\/clinicalisboa\/wp-content\/uploads\/2025\/07\/estrutura-1.png\",\"datePublished\":\"2025-07-30T01:21:02+00:00\",\"dateModified\":\"2025-07-31T15:47:23+00:00\",\"breadcrumb\":{\"@id\":\"https:\/\/izabeldepaula.com\/clinicalisboa\/nossas-instalacoes\/#breadcrumb\"},\"inLanguage\":\"pt-BR\",\"potentialAction\":[{\"@type\":\"ReadAction\",\"target\":[\"https:\/\/izabeldepaula.com\/clinicalisboa\/nossas-instalacoes\/\"]}]},{\"@type\":\"ImageObject\",\"inLanguage\":\"pt-BR\",\"@id\":\"https:\/\/izabeldepaula.com\/clinicalisboa\/nossas-instalacoes\/#primaryimage\",\"url\":\"https:\/\/izabeldepaula.com\/clinicalisboa\/wp-content\/uploads\/2025\/07\/estrutura-1.png\",\"contentUrl\":\"https:\/\/izabeldepaula.com\/clinicalisboa\/wp-content\/uploads\/2025\/07\/estrutura-1.png\",\"width\":901,\"height\":1201},{\"@type\":\"BreadcrumbList\",\"@id\":\"https:\/\/izabeldepaula.com\/clinicalisboa\/nossas-instalacoes\/#breadcrumb\",\"itemListElement\":[{\"@type\":\"ListItem\",\"position\":1,\"name\":\"In\u00edcio\",\"item\":\"https:\/\/izabeldepaula.com\/clinicalisboa\/\"},{\"@type\":\"ListItem\",\"position\":2,\"name\":\"Nossa estrutura\"}]},{\"@type\":\"WebSite\",\"@id\":\"https:\/\/izabeldepaula.com\/clinicalisboa\/#website\",\"url\":\"https:\/\/izabeldepaula.com\/clinicalisboa\/\",\"name\":\"Cl\u00ednica Izabel de Paula\",\"description\":\"Cl\u00ednica Especializada em Emagrecimento e Drenagem Linf\u00e1tica\",\"publisher\":{\"@id\":\"https:\/\/izabeldepaula.com\/clinicalisboa\/#organization\"},\"potentialAction\":[{\"@type\":\"SearchAction\",\"target\":{\"@type\":\"EntryPoint\",\"urlTemplate\":\"https:\/\/izabeldepaula.com\/clinicalisboa\/?s={search_term_string}\"},\"query-input\":{\"@type\":\"PropertyValueSpecification\",\"valueRequired\":true,\"valueName\":\"search_term_string\"}}],\"inLanguage\":\"pt-BR\"},{\"@type\":\"Organization\",\"@id\":\"https:\/\/izabeldepaula.com\/clinicalisboa\/#organization\",\"name\":\"Cl\u00ednica Izabel de Paula\",\"url\":\"https:\/\/izabeldepaula.com\/clinicalisboa\/\",\"logo\":{\"@type\":\"ImageObject\",\"inLanguage\":\"pt-BR\",\"@id\":\"https:\/\/izabeldepaula.com\/clinicalisboa\/#\/schema\/logo\/image\/\",\"url\":\"https:\/\/izabeldepaula.com\/clinicalisboa\/wp-content\/uploads\/2025\/02\/Logo-preto.png\",\"contentUrl\":\"https:\/\/izabeldepaula.com\/clinicalisboa\/wp-content\/uploads\/2025\/02\/Logo-preto.png\",\"width\":1308,\"height\":613,\"caption\":\"Cl\u00ednica Izabel de Paula\"},\"image\":{\"@id\":\"https:\/\/izabeldepaula.com\/clinicalisboa\/#\/schema\/logo\/image\/\"},\"sameAs\":[\"https:\/\/www.instagram.com\/izabeldepaula_oficial\/\"]}]}<\/script>\n<!-- \/ Yoast SEO Premium plugin. -->","yoast_head_json":{"title":"Nossa estrutura - Cl\u00ednica Izabel de Paula","robots":{"index":"index","follow":"follow","max-snippet":"max-snippet:-1","max-image-preview":"max-image-preview:large","max-video-preview":"max-video-preview:-1"},"canonical":"https:\/\/izabeldepaula.com\/clinicalisboa\/nossas-instalacoes\/","og_locale":"pt_BR","og_type":"article","og_title":"Nossa estrutura","og_description":"Uma Estrutura feita para voc\u00ea! A Cl\u00ednica Izabel de Paula \u00e9 considerada hoje uma refer\u00eancia de prest\u00edgio no universo da est\u00e9tica corporal em Portugal, destacando-se n\u00e3o apenas pela sua excel\u00eancia t\u00e9cnica, mas sobretudo pela aplica\u00e7\u00e3o de M\u00e9todos Exclusivos, reconhecidos e laureados internacionalmente pela sua efic\u00e1cia e originalidade. Com uma trajet\u00f3ria marcada por resultados extraordin\u00e1rios, a [&hellip;]","og_url":"https:\/\/izabeldepaula.com\/clinicalisboa\/nossas-instalacoes\/","og_site_name":"Cl\u00ednica Izabel de Paula","article_modified_time":"2025-07-31T15:47:23+00:00","og_image":[{"url":"https:\/\/izabeldepaula.com\/clinicalisboa\/wp-content\/uploads\/2025\/07\/estrutura-1.png","type":"","width":"","height":""}],"twitter_card":"summary_large_image","twitter_misc":{"Est. tempo de leitura":"6 minutos"},"schema":{"@context":"https:\/\/schema.org","@graph":[{"@type":"WebPage","@id":"https:\/\/izabeldepaula.com\/clinicalisboa\/nossas-instalacoes\/","url":"https:\/\/izabeldepaula.com\/clinicalisboa\/nossas-instalacoes\/","name":"Nossa estrutura - Cl\u00ednica Izabel de Paula","isPartOf":{"@id":"https:\/\/izabeldepaula.com\/clinicalisboa\/#website"},"primaryImageOfPage":{"@id":"https:\/\/izabeldepaula.com\/clinicalisboa\/nossas-instalacoes\/#primaryimage"},"image":{"@id":"https:\/\/izabeldepaula.com\/clinicalisboa\/nossas-instalacoes\/#primaryimage"},"thumbnailUrl":"https:\/\/izabeldepaula.com\/clinicalisboa\/wp-content\/uploads\/2025\/07\/estrutura-1.png","datePublished":"2025-07-30T01:21:02+00:00","dateModified":"2025-07-31T15:47:23+00:00","breadcrumb":{"@id":"https:\/\/izabeldepaula.com\/clinicalisboa\/nossas-instalacoes\/#breadcrumb"},"inLanguage":"pt-BR","potentialAction":[{"@type":"ReadAction","target":["https:\/\/izabeldepaula.com\/clinicalisboa\/nossas-instalacoes\/"]}]},{"@type":"ImageObject","inLanguage":"pt-BR","@id":"https:\/\/izabeldepaula.com\/clinicalisboa\/nossas-instalacoes\/#primaryimage","url":"https:\/\/izabeldepaula.com\/clinicalisboa\/wp-content\/uploads\/2025\/07\/estrutura-1.png","contentUrl":"https:\/\/izabeldepaula.com\/clinicalisboa\/wp-content\/uploads\/2025\/07\/estrutura-1.png","width":901,"height":1201},{"@type":"BreadcrumbList","@id":"https:\/\/izabeldepaula.com\/clinicalisboa\/nossas-instalacoes\/#breadcrumb","itemListElement":[{"@type":"ListItem","position":1,"name":"In\u00edcio","item":"https:\/\/izabeldepaula.com\/clinicalisboa\/"},{"@type":"ListItem","position":2,"name":"Nossa estrutura"}]},{"@type":"WebSite","@id":"https:\/\/izabeldepaula.com\/clinicalisboa\/#website","url":"https:\/\/izabeldepaula.com\/clinicalisboa\/","name":"Cl\u00ednica Izabel de Paula","description":"Cl\u00ednica Especializada em Emagrecimento e Drenagem Linf\u00e1tica","publisher":{"@id":"https:\/\/izabeldepaula.com\/clinicalisboa\/#organization"},"potentialAction":[{"@type":"SearchAction","target":{"@type":"EntryPoint","urlTemplate":"https:\/\/izabeldepaula.com\/clinicalisboa\/?s={search_term_string}"},"query-input":{"@type":"PropertyValueSpecification","valueRequired":true,"valueName":"search_term_string"}}],"inLanguage":"pt-BR"},{"@type":"Organization","@id":"https:\/\/izabeldepaula.com\/clinicalisboa\/#organization","name":"Cl\u00ednica Izabel de Paula","url":"https:\/\/izabeldepaula.com\/clinicalisboa\/","logo":{"@type":"ImageObject","inLanguage":"pt-BR","@id":"https:\/\/izabeldepaula.com\/clinicalisboa\/#\/schema\/logo\/image\/","url":"https:\/\/izabeldepaula.com\/clinicalisboa\/wp-content\/uploads\/2025\/02\/Logo-preto.png","contentUrl":"https:\/\/izabeldepaula.com\/clinicalisboa\/wp-content\/uploads\/2025\/02\/Logo-preto.png","width":1308,"height":613,"caption":"Cl\u00ednica Izabel de Paula"},"image":{"@id":"https:\/\/izabeldepaula.com\/clinicalisboa\/#\/schema\/logo\/image\/"},"sameAs":["https:\/\/www.instagram.com\/izabeldepaula_oficial\/"]}]}},"_links":{"self":[{"href":"https:\/\/izabeldepaula.com\/clinicalisboa\/wp-json\/wp\/v2\/pages\/1546","targetHints":{"allow":["GET"]}}],"collection":[{"href":"https:\/\/izabeldepaula.com\/clinicalisboa\/wp-json\/wp\/v2\/pages"}],"about":[{"href":"https:\/\/izabeldepaula.com\/clinicalisboa\/wp-json\/wp\/v2\/types\/page"}],"author":[{"embeddable":true,"href":"https:\/\/izabeldepaula.com\/clinicalisboa\/wp-json\/wp\/v2\/users\/1"}],"replies":[{"embeddable":true,"href":"https:\/\/izabeldepaula.com\/clinicalisboa\/wp-json\/wp\/v2\/comments?post=1546"}],"version-history":[{"count":0,"href":"https:\/\/izabeldepaula.com\/clinicalisboa\/wp-json\/wp\/v2\/pages\/1546\/revisions"}],"wp:attachment":[{"href":"https:\/\/izabeldepaula.com\/clinicalisboa\/wp-json\/wp\/v2\/media?parent=1546"}],"curies":[{"name":"wp","href":"https:\/\/api.w.org\/{rel}","templated":true}]}}